{"id":862,"date":"2011-09-23T15:15:41","date_gmt":"2011-09-23T12:15:41","guid":{"rendered":"http:\/\/rttheme18.demo-rt.com\/?page_id=5"},"modified":"2016-12-09T09:34:07","modified_gmt":"2016-12-09T07:34:07","slug":"hakkimizda","status":"publish","type":"page","link":"https:\/\/aktifkarbon.org\/en\/hakkimizda\/","title":{"rendered":"Hakk\u0131m\u0131zda"},"content":{"rendered":"<p><img decoding=\"async\" loading=\"lazy\" class=\"aligncenter wp-image-2289 size-full\" src=\"http:\/\/aktifkarbon.org\/wp-content\/uploads\/2011\/09\/About-US-Header3.jpg\" alt=\"about-us-header3\" width=\"960\" height=\"183\" srcset=\"https:\/\/aktifkarbon.org\/wp-content\/uploads\/2011\/09\/About-US-Header3.jpg 960w, https:\/\/aktifkarbon.org\/wp-content\/uploads\/2011\/09\/About-US-Header3-300x57.jpg 300w, https:\/\/aktifkarbon.org\/wp-content\/uploads\/2011\/09\/About-US-Header3-768x146.jpg 768w\" sizes=\"(max-width: 960px) 100vw, 960px\" \/><\/p>\n<p>Damla Kimya 1993 y\u0131l\u0131nda kurulmu\u015ftur. Aktif karbon konusunda Carbotech ( Almanya ) firmas\u0131n\u0131n \u00e7ok \u00e7e\u015fitli ve yayg\u0131n uygulama alanlar\u0131 olan aktif karbonun g\u00fcvenilir T\u00fcrkiye temsilcili\u011fini yapmaktay\u0131z.<\/p>\n<p>A\u011f\u0131rl\u0131kl\u0131 olarak nem al\u0131c\u0131 \u00fcr\u00fcnlerle depolama ve sevkiyat g\u00fcvenli\u011finde faaliyet g\u00f6steren firmam\u0131z her ge\u00e7en g\u00fcn \u00fcr\u00fcn f\u00f6y\u00fcne yeni \u00fcr\u00fcnler katarak m\u00fc\u015fteri ihtiya\u00e7lar\u0131na en uygun \u00e7\u00f6z\u00fcm\u00fc sa\u011flamaya \u00e7al\u0131\u015fmaktad\u0131r.<\/p>\n<p>Damla Kimya ISO 9001-2008 belgesi ile faaliyet g\u00f6stermektedir.<\/p>\n<p>2017 y\u0131l\u0131nda 24. Ya\u015f\u0131n\u0131 kutlamakta hem \u00e7al\u0131\u015fanlar\u0131na hem m\u00fc\u015fterilerine katk\u0131s\u0131 olan herkese sonsuz te\u015fekk\u00fcr ederiz.<\/p>","protected":false},"excerpt":{"rendered":"<p>Damla Kimya 1993 y\u0131l\u0131nda kurulmu\u015ftur. Aktif karbon konusunda Carbotech ( Almanya ) firmas\u0131n\u0131n \u00e7ok \u00e7e\u015fitli ve yayg\u0131n uygulama alanlar\u0131 olan aktif karbonun g\u00fcvenilir T\u00fcrkiye temsilcili\u011fini yapmaktay\u0131z. A\u011f\u0131rl\u0131kl\u0131 olarak nem al\u0131c\u0131 \u00fcr\u00fcnlerle depolama ve sevkiyat g\u00fcvenli\u011finde faaliyet g\u00f6steren firmam\u0131z her ge\u00e7en g\u00fcn \u00fcr\u00fcn f\u00f6y\u00fcne yeni \u00fcr\u00fcnler katarak m\u00fc\u015fteri ihtiya\u00e7lar\u0131na en uygun \u00e7\u00f6z\u00fcm\u00fc sa\u011flamaya \u00e7al\u0131\u015fmaktad\u0131r. Damla Kimya [&hellip;]<\/p>\n","protected":false},"author":1,"featured_media":0,"parent":0,"menu_order":0,"comment_status":"open","ping_status":"closed","template":"","meta":[],"aioseo_notices":[],"_links":{"self":[{"href":"https:\/\/aktifkarbon.org\/en\/wp-json\/wp\/v2\/pages\/862"}],"collection":[{"href":"https:\/\/aktifkarbon.org\/en\/wp-json\/wp\/v2\/pages"}],"about":[{"href":"https:\/\/aktifkarbon.org\/en\/wp-json\/wp\/v2\/types\/page"}],"author":[{"embeddable":true,"href":"https:\/\/aktifkarbon.org\/en\/wp-json\/wp\/v2\/users\/1"}],"replies":[{"embeddable":true,"href":"https:\/\/aktifkarbon.org\/en\/wp-json\/wp\/v2\/comments?post=862"}],"version-history":[{"count":5,"href":"https:\/\/aktifkarbon.org\/en\/wp-json\/wp\/v2\/pages\/862\/revisions"}],"predecessor-version":[{"id":2382,"href":"https:\/\/aktifkarbon.org\/en\/wp-json\/wp\/v2\/pages\/862\/revisions\/2382"}],"wp:attachment":[{"href":"https:\/\/aktifkarbon.org\/en\/wp-json\/wp\/v2\/media?parent=862"}],"curies":[{"name":"wp","href":"https:\/\/api.w.org\/{rel}","templated":true}]}}