{"id":2286,"date":"2016-10-18T14:57:15","date_gmt":"2016-10-18T11:57:15","guid":{"rendered":"http:\/\/aktifkarbon.org\/?page_id=2286"},"modified":"2016-12-20T16:50:29","modified_gmt":"2016-12-20T14:50:29","slug":"uygulamalar","status":"publish","type":"page","link":"https:\/\/aktifkarbon.org\/en\/uygulamalar\/","title":{"rendered":"Uygulamalar"},"content":{"rendered":"<p>Solvent Geri Kazan\u0131m<\/p>\n<p>Alt\u0131n Geri Kazan\u0131m<\/p>","protected":false},"excerpt":{"rendered":"<p>Solvent Geri Kazan\u0131m Alt\u0131n Geri Kazan\u0131m<\/p>\n","protected":false},"author":1,"featured_media":0,"parent":0,"menu_order":0,"comment_status":"closed","ping_status":"closed","template":"","meta":[],"aioseo_notices":[],"_links":{"self":[{"href":"https:\/\/aktifkarbon.org\/en\/wp-json\/wp\/v2\/pages\/2286"}],"collection":[{"href":"https:\/\/aktifkarbon.org\/en\/wp-json\/wp\/v2\/pages"}],"about":[{"href":"https:\/\/aktifkarbon.org\/en\/wp-json\/wp\/v2\/types\/page"}],"author":[{"embeddable":true,"href":"https:\/\/aktifkarbon.org\/en\/wp-json\/wp\/v2\/users\/1"}],"replies":[{"embeddable":true,"href":"https:\/\/aktifkarbon.org\/en\/wp-json\/wp\/v2\/comments?post=2286"}],"version-history":[{"count":5,"href":"https:\/\/aktifkarbon.org\/en\/wp-json\/wp\/v2\/pages\/2286\/revisions"}],"predecessor-version":[{"id":2484,"href":"https:\/\/aktifkarbon.org\/en\/wp-json\/wp\/v2\/pages\/2286\/revisions\/2484"}],"wp:attachment":[{"href":"https:\/\/aktifkarbon.org\/en\/wp-json\/wp\/v2\/media?parent=2286"}],"curies":[{"name":"wp","href":"https:\/\/api.w.org\/{rel}","templated":true}]}}