{"id":2242,"date":"2016-10-04T21:47:09","date_gmt":"2016-10-04T18:47:09","guid":{"rendered":"http:\/\/aktifkarbon.org\/?page_id=2242"},"modified":"2016-12-11T01:47:55","modified_gmt":"2016-12-10T23:47:55","slug":"aktif-karbon-granul","status":"publish","type":"page","link":"https:\/\/aktifkarbon.org\/en\/aktif-karbon\/aktif-karbon-granul\/","title":{"rendered":"Aktif karbon Granule"},"content":{"rendered":"<p><\/p>\n<h1 style=\"text-align: center;\"><strong>GRANULATED ACTIVATED CARBON<\/strong><\/h1>\n<p>Granulated Activated Carbon produced from coal or coconut shell by steam activation.<\/p>\n<p>Granulated Activated Carbon is mostly used liquid application for serapation and purification.<\/p>\n<p><span style=\"text-decoration: underline;\"><strong><em>Application:<\/em><\/strong><\/span>\u00a0 Organic liquids and cleaning fluids.<\/p>\n<p>&nbsp;<\/p>\n<div id=\"attachment_2428\" style=\"width: 240px\" class=\"wp-caption alignnone\"><img aria-describedby=\"caption-attachment-2428\" decoding=\"async\" loading=\"lazy\" class=\"wp-image-2428\" src=\"http:\/\/aktifkarbon.org\/wp-content\/uploads\/2016\/10\/icmesuyu-300x201.jpg\" alt=\"\u0130\u00e7me Suyu Ar\u0131t\u0131m\u0131nda\" width=\"230\" height=\"154\" srcset=\"https:\/\/aktifkarbon.org\/wp-content\/uploads\/2016\/10\/icmesuyu-300x201.jpg 300w, https:\/\/aktifkarbon.org\/wp-content\/uploads\/2016\/10\/icmesuyu-768x514.jpg 768w, https:\/\/aktifkarbon.org\/wp-content\/uploads\/2016\/10\/icmesuyu.jpg 853w\" sizes=\"(max-width: 230px) 100vw, 230px\" \/><p id=\"caption-attachment-2428\" class=\"wp-caption-text\">Drinking Water Purification<\/p><\/div>\n<div id=\"attachment_2432\" style=\"width: 240px\" class=\"wp-caption alignnone\"><img aria-describedby=\"caption-attachment-2432\" decoding=\"async\" loading=\"lazy\" class=\"wp-image-2432\" src=\"http:\/\/aktifkarbon.org\/wp-content\/uploads\/2016\/10\/atik-su-aritma-300x208.jpg\" alt=\"At\u0131k Su Ar\u0131tma\" width=\"230\" height=\"160\" srcset=\"https:\/\/aktifkarbon.org\/wp-content\/uploads\/2016\/10\/atik-su-aritma-300x208.jpg 300w, https:\/\/aktifkarbon.org\/wp-content\/uploads\/2016\/10\/atik-su-aritma-768x533.jpg 768w, https:\/\/aktifkarbon.org\/wp-content\/uploads\/2016\/10\/atik-su-aritma.jpg 942w\" sizes=\"(max-width: 230px) 100vw, 230px\" \/><p id=\"caption-attachment-2432\" class=\"wp-caption-text\">Waste Water Treatment<\/p><\/div>\n<div id=\"attachment_2433\" style=\"width: 240px\" class=\"wp-caption alignnone\"><img aria-describedby=\"caption-attachment-2433\" decoding=\"async\" loading=\"lazy\" class=\"wp-image-2433\" src=\"http:\/\/aktifkarbon.org\/wp-content\/uploads\/2016\/10\/chemical-300x239.jpg\" alt=\"Kimyasal Proseslerde\" width=\"230\" height=\"183\" srcset=\"https:\/\/aktifkarbon.org\/wp-content\/uploads\/2016\/10\/chemical-300x239.jpg 300w, https:\/\/aktifkarbon.org\/wp-content\/uploads\/2016\/10\/chemical-768x612.jpg 768w, https:\/\/aktifkarbon.org\/wp-content\/uploads\/2016\/10\/chemical.jpg 885w\" sizes=\"(max-width: 230px) 100vw, 230px\" \/><p id=\"caption-attachment-2433\" class=\"wp-caption-text\">In Chemical Process<\/p><\/div>\n<div id=\"attachment_2434\" style=\"width: 240px\" class=\"wp-caption alignnone\"><img aria-describedby=\"caption-attachment-2434\" decoding=\"async\" loading=\"lazy\" class=\"wp-image-2434\" src=\"http:\/\/aktifkarbon.org\/wp-content\/uploads\/2016\/10\/gida-300x237.jpg\" alt=\"G\u0131da End\u00fcstrisinde\" width=\"230\" height=\"182\" srcset=\"https:\/\/aktifkarbon.org\/wp-content\/uploads\/2016\/10\/gida-300x237.jpg 300w, https:\/\/aktifkarbon.org\/wp-content\/uploads\/2016\/10\/gida-768x607.jpg 768w, https:\/\/aktifkarbon.org\/wp-content\/uploads\/2016\/10\/gida.jpg 886w\" sizes=\"(max-width: 230px) 100vw, 230px\" \/><p id=\"caption-attachment-2434\" class=\"wp-caption-text\">Food Industry<\/p><\/div>\n<p><div id=\"attachment_2392\" style=\"width: 207px\" class=\"wp-caption aligncenter\"><img aria-describedby=\"caption-attachment-2392\" decoding=\"async\" loading=\"lazy\" class=\"wp-image-2392 size-medium\" src=\"http:\/\/aktifkarbon.org\/wp-content\/uploads\/2016\/10\/AC-granul-aktifkarbon.org_-197x300.jpg\" alt=\"Aktif Karbon Gran\u00fcl\" width=\"197\" height=\"300\" srcset=\"https:\/\/aktifkarbon.org\/wp-content\/uploads\/2016\/10\/AC-granul-aktifkarbon.org_-197x300.jpg 197w, https:\/\/aktifkarbon.org\/wp-content\/uploads\/2016\/10\/AC-granul-aktifkarbon.org_-768x1172.jpg 768w, https:\/\/aktifkarbon.org\/wp-content\/uploads\/2016\/10\/AC-granul-aktifkarbon.org_-671x1024.jpg 671w, https:\/\/aktifkarbon.org\/wp-content\/uploads\/2016\/10\/AC-granul-aktifkarbon.org_.jpg 900w\" sizes=\"(max-width: 197px) 100vw, 197px\" \/><p id=\"caption-attachment-2392\" class=\"wp-caption-text\">Granulated Activated Carbon<\/p><\/div><\/p>","protected":false},"excerpt":{"rendered":"<p>GRANULATED ACTIVATED CARBON Granulated Activated Carbon produced from coal or coconut shell by steam activation. Granulated Activated Carbon is mostly used liquid application for serapation and purification. Application:\u00a0 Organic liquids and cleaning fluids. &nbsp;<\/p>\n","protected":false},"author":1,"featured_media":0,"parent":2230,"menu_order":1,"comment_status":"closed","ping_status":"closed","template":"","meta":[],"aioseo_notices":[],"_links":{"self":[{"href":"https:\/\/aktifkarbon.org\/en\/wp-json\/wp\/v2\/pages\/2242"}],"collection":[{"href":"https:\/\/aktifkarbon.org\/en\/wp-json\/wp\/v2\/pages"}],"about":[{"href":"https:\/\/aktifkarbon.org\/en\/wp-json\/wp\/v2\/types\/page"}],"author":[{"embeddable":true,"href":"https:\/\/aktifkarbon.org\/en\/wp-json\/wp\/v2\/users\/1"}],"replies":[{"embeddable":true,"href":"https:\/\/aktifkarbon.org\/en\/wp-json\/wp\/v2\/comments?post=2242"}],"version-history":[{"count":5,"href":"https:\/\/aktifkarbon.org\/en\/wp-json\/wp\/v2\/pages\/2242\/revisions"}],"predecessor-version":[{"id":2440,"href":"https:\/\/aktifkarbon.org\/en\/wp-json\/wp\/v2\/pages\/2242\/revisions\/2440"}],"up":[{"embeddable":true,"href":"https:\/\/aktifkarbon.org\/en\/wp-json\/wp\/v2\/pages\/2230"}],"wp:attachment":[{"href":"https:\/\/aktifkarbon.org\/en\/wp-json\/wp\/v2\/media?parent=2242"}],"curies":[{"name":"wp","href":"https:\/\/api.w.org\/{rel}","templated":true}]}}