{"id":2238,"date":"2016-10-04T21:46:46","date_gmt":"2016-10-04T18:46:46","guid":{"rendered":"http:\/\/aktifkarbon.org\/?page_id=2238"},"modified":"2016-12-11T02:48:16","modified_gmt":"2016-12-11T00:48:16","slug":"aktif-karbon-silindirik","status":"publish","type":"page","link":"https:\/\/aktifkarbon.org\/en\/aktif-karbon\/aktif-karbon-silindirik\/","title":{"rendered":"Aktif karbon Extrude"},"content":{"rendered":"<p><\/p>\n<h1 style=\"text-align: center;\">EXTRUDED ACTIVATED CARBON<\/h1>\n<p>Extruded activated carbon used for liquid and gaseous media treatment and manufactured with special de-ashed bituminous coals.<\/p>\n<p><strong><span style=\"text-decoration: underline;\"><em>Applications:<\/em><\/span><em>\u00a0<\/em><\/strong><em>Toluene removal, Pharmaceutical industry,\u00a0<\/em><\/p>\n<div id=\"attachment_2403\" style=\"width: 140px\" class=\"wp-caption alignnone\"><img aria-describedby=\"caption-attachment-2403\" decoding=\"async\" loading=\"lazy\" class=\"wp-image-2403\" src=\"http:\/\/aktifkarbon.org\/wp-content\/uploads\/2016\/10\/air-pollution-201x300.jpg\" alt=\"Hava Ar\u0131t\u0131m\u0131nda\" width=\"130\" height=\"194\" srcset=\"https:\/\/aktifkarbon.org\/wp-content\/uploads\/2016\/10\/air-pollution-201x300.jpg 201w, https:\/\/aktifkarbon.org\/wp-content\/uploads\/2016\/10\/air-pollution.jpg 625w\" sizes=\"(max-width: 130px) 100vw, 130px\" \/><p id=\"caption-attachment-2403\" class=\"wp-caption-text\">Air Pollution Control<\/p><\/div>\n<div id=\"attachment_2413\" style=\"width: 240px\" class=\"wp-caption alignnone\"><img aria-describedby=\"caption-attachment-2413\" decoding=\"async\" loading=\"lazy\" class=\"wp-image-2413\" src=\"http:\/\/aktifkarbon.org\/wp-content\/uploads\/2016\/10\/mercury-kopya-300x151.jpg\" alt=\"Civa Gideriminde\" width=\"230\" height=\"116\" srcset=\"https:\/\/aktifkarbon.org\/wp-content\/uploads\/2016\/10\/mercury-kopya-300x151.jpg 300w, https:\/\/aktifkarbon.org\/wp-content\/uploads\/2016\/10\/mercury-kopya-768x387.jpg 768w, https:\/\/aktifkarbon.org\/wp-content\/uploads\/2016\/10\/mercury-kopya.jpg 888w\" sizes=\"(max-width: 230px) 100vw, 230px\" \/><p id=\"caption-attachment-2413\" class=\"wp-caption-text\">Mercury Removal<\/p><\/div>\n<div id=\"attachment_2418\" style=\"width: 240px\" class=\"wp-caption alignnone\"><img aria-describedby=\"caption-attachment-2418\" decoding=\"async\" loading=\"lazy\" class=\"wp-image-2418\" src=\"http:\/\/aktifkarbon.org\/wp-content\/uploads\/2016\/10\/biogas-300x122.jpg\" alt=\"Biogaz Tesislerinde\" width=\"230\" height=\"94\" srcset=\"https:\/\/aktifkarbon.org\/wp-content\/uploads\/2016\/10\/biogas-300x122.jpg 300w, https:\/\/aktifkarbon.org\/wp-content\/uploads\/2016\/10\/biogas-768x312.jpg 768w, https:\/\/aktifkarbon.org\/wp-content\/uploads\/2016\/10\/biogas-1024x416.jpg 1024w, https:\/\/aktifkarbon.org\/wp-content\/uploads\/2016\/10\/biogas.jpg 1498w\" sizes=\"(max-width: 230px) 100vw, 230px\" \/><p id=\"caption-attachment-2418\" class=\"wp-caption-text\">Biogas Plants<\/p><\/div>\n<div id=\"attachment_2420\" style=\"width: 240px\" class=\"wp-caption alignnone\"><img aria-describedby=\"caption-attachment-2420\" decoding=\"async\" loading=\"lazy\" class=\"wp-image-2420\" src=\"http:\/\/aktifkarbon.org\/wp-content\/uploads\/2016\/10\/solvent-recovery-kopya-300x202.jpg\" alt=\"Solvent Geri Kazan\u0131m\" width=\"230\" height=\"155\" srcset=\"https:\/\/aktifkarbon.org\/wp-content\/uploads\/2016\/10\/solvent-recovery-kopya-300x202.jpg 300w, https:\/\/aktifkarbon.org\/wp-content\/uploads\/2016\/10\/solvent-recovery-kopya-768x518.jpg 768w, https:\/\/aktifkarbon.org\/wp-content\/uploads\/2016\/10\/solvent-recovery-kopya.jpg 982w\" sizes=\"(max-width: 230px) 100vw, 230px\" \/><p id=\"caption-attachment-2420\" class=\"wp-caption-text\">Solvent Recovery<\/p><\/div>\n<p><div id=\"attachment_2284\" style=\"width: 274px\" class=\"wp-caption aligncenter\"><img aria-describedby=\"caption-attachment-2284\" decoding=\"async\" loading=\"lazy\" class=\"size-full wp-image-2284\" src=\"http:\/\/aktifkarbon.org\/wp-content\/uploads\/2016\/10\/activated-carbon-pool-damlakimya.com_.jpg\" alt=\"Aktif Karbon Silindirik\" width=\"264\" height=\"164\" \/><p id=\"caption-attachment-2284\" class=\"wp-caption-text\">Extruded Activated Carbon<\/p><\/div><\/p>","protected":false},"excerpt":{"rendered":"<p>EXTRUDED ACTIVATED CARBON Extruded activated carbon used for liquid and gaseous media treatment and manufactured with special de-ashed bituminous coals. Applications:\u00a0Toluene removal, Pharmaceutical industry,\u00a0<\/p>\n","protected":false},"author":1,"featured_media":0,"parent":2230,"menu_order":2,"comment_status":"closed","ping_status":"closed","template":"","meta":[],"aioseo_notices":[],"_links":{"self":[{"href":"https:\/\/aktifkarbon.org\/en\/wp-json\/wp\/v2\/pages\/2238"}],"collection":[{"href":"https:\/\/aktifkarbon.org\/en\/wp-json\/wp\/v2\/pages"}],"about":[{"href":"https:\/\/aktifkarbon.org\/en\/wp-json\/wp\/v2\/types\/page"}],"author":[{"embeddable":true,"href":"https:\/\/aktifkarbon.org\/en\/wp-json\/wp\/v2\/users\/1"}],"replies":[{"embeddable":true,"href":"https:\/\/aktifkarbon.org\/en\/wp-json\/wp\/v2\/comments?post=2238"}],"version-history":[{"count":5,"href":"https:\/\/aktifkarbon.org\/en\/wp-json\/wp\/v2\/pages\/2238\/revisions"}],"predecessor-version":[{"id":2443,"href":"https:\/\/aktifkarbon.org\/en\/wp-json\/wp\/v2\/pages\/2238\/revisions\/2443"}],"up":[{"embeddable":true,"href":"https:\/\/aktifkarbon.org\/en\/wp-json\/wp\/v2\/pages\/2230"}],"wp:attachment":[{"href":"https:\/\/aktifkarbon.org\/en\/wp-json\/wp\/v2\/media?parent=2238"}],"curies":[{"name":"wp","href":"https:\/\/api.w.org\/{rel}","templated":true}]}}